{"id":31755,"date":"2026-04-28T16:13:25","date_gmt":"2026-04-28T16:13:25","guid":{"rendered":"https:\/\/eco-wash.ro\/?page_id=31755"},"modified":"2026-04-28T16:21:49","modified_gmt":"2026-04-28T16:21:49","slug":"politica-de-plati-livrare-si-retur","status":"publish","type":"page","link":"https:\/\/eco-wash.ro\/en\/politica-de-plati-livrare-si-retur\/","title":{"rendered":"POLITICA DE PL\u0102\u021aI, LIVRARE \u0218I RETUR"},"content":{"rendered":"<div data-elementor-type=\"wp-page\" data-elementor-id=\"31755\" class=\"elementor elementor-31755\" data-elementor-post-type=\"page\">\n\t\t\t\t\t\t<section class=\"elementor-section elementor-top-section elementor-element elementor-element-2b1184b0 elementor-section-boxed elementor-section-height-default elementor-section-height-default sc_fly_static\" data-id=\"2b1184b0\" data-element_type=\"section\" data-settings=\"{&quot;background_background&quot;:&quot;classic&quot;}\">\n\t\t\t\t\t\t<div class=\"elementor-container elementor-column-gap-extended\">\n\t\t\t\t\t<div class=\"elementor-column elementor-col-100 elementor-top-column elementor-element elementor-element-153e1c19 sc_inner_width_none sc_content_align_inherit sc_layouts_column_icons_position_left sc_fly_static\" data-id=\"153e1c19\" data-element_type=\"column\">\n\t\t\t<div class=\"elementor-widget-wrap elementor-element-populated\">\n\t\t\t\t\t\t<div class=\"elementor-element elementor-element-54db29de sc_fly_static elementor-widget elementor-widget-text-editor\" data-id=\"54db29de\" data-element_type=\"widget\" data-widget_type=\"text-editor.default\">\n\t\t\t\t<div class=\"elementor-widget-container\">\n\t\t\t\t\t\t\t<h4 class=\"s6\"><strong>POLITICA DE PL\u0102\u021aI, LIVRARE \u0218I RETUR<\/strong><\/h4><p class=\"s6\"><strong><span class=\"s7\">1. PREAMBUL<\/span><\/strong><\/p><p class=\"s6\"><span class=\"s8\">Prezenta Politic\u0103 reglementeaz\u0103 modalit\u0103\u021bile de plat\u0103, procedura de livrare a produselor digitale (abonamente) \u0219i condi\u021biile de returnare sau anulare a serviciilor achizi\u021bionate prin intermediul aplica\u021biei mobile EcoWash, operat\u0103 de <\/span><span class=\"s7\">ECO CAR WASH GLOBAL S.R.L.<\/span><span class=\"s8\">. Acest document completeaz\u0103 Termenii \u0219i Condi\u021biile Generale \u0219i este obligatoriu pentru to\u021bi utilizatorii care efectueaz\u0103 tranzac\u021bii \u00een platform\u0103.<\/span><\/p><p class=\"s6\"><strong><span class=\"s7\">2. MODALIT\u0102\u021aI DE PLAT\u0102 \u0218I SECURITATE<\/span><\/strong><\/p><p class=\"s6\"><span class=\"s8\">2.1. Procesatorul de Pl\u0103\u021bi: Toate pl\u0103\u021bile electronice sunt procesate prin poarta de plat\u0103 securizat\u0103 <\/span><span class=\"s7\">NETOPIA Payments<\/span><span class=\"s8\">. <\/span><\/p><p class=\"s6\"><span class=\"s7\">2.2. Metode de Plat\u0103 Acceptate:<\/span><span class=\"s8\"> Sunt acceptate cardurile bancare emise sub siglele <\/span><span class=\"s7\">VISA<\/span><span class=\"s8\"> and <\/span><span class=\"s7\">MASTERCARD<\/span><span class=\"s8\">.<\/span><\/p><p class=\"s6\"><span class=\"s7\">2.3.<\/span><span class=\"s8\"> Securitatea Datelor Bancare: EcoWash nu colecteaz\u0103, nu acceseaz\u0103 \u0219i nu stocheaz\u0103 datele cardului bancar (num\u0103r, dat\u0103 expirare, cod CVV). Aceste informa\u021bii sunt introduse direct \u00een interfa\u021ba securizat\u0103 a procesatorului, conform standardelor PCI-DSS. <\/span><\/p><p class=\"s6\"><span class=\"s7\">2.4.<\/span><span class=\"s8\"> Autorizarea Pl\u0103\u021bilor Recurente: Prin activarea Abonamentului Lunar Nelimitat, Utilizatorul \u00ee\u0219i exprim\u0103 acordul prealabil \u0219i expres pentru debitarea automat\u0103 a cardului la fiecare interval de 30 de zile, p\u00e2n\u0103 la momentul anul\u0103rii op\u021biunii de c\u0103tre acesta.<\/span><\/p><p class=\"s6\"><strong><span class=\"s7\">3. POLITICA DE LIVRARE A SERVICIILOR<\/span><\/strong><\/p><p class=\"s6\"><span class=\"s7\">3.1<\/span><span class=\"s8\">. Natura Produsului: Produsele comercializate sunt \u201eservicii digitale\u201d sub form\u0103 de abonamente care ofer\u0103 dreptul de utilizare a serviciilor fizice de sp\u0103l\u0103torie auto. <\/span><\/p><p class=\"s6\"><span class=\"s7\">3.2. Procedura de Livrare:<\/span><span class=\"s8\"> Livrarea dreptului de utilizare se realizeaz\u0103 <\/span><span class=\"s7\">instantaneu<\/span><span class=\"s8\"> prin activarea abonamentului \u00een contul utilizatorului imediat ce tranzac\u021bia este confirmat\u0103 de Netopia Payments. Nu exist\u0103 livrare de bunuri fizice la adresa utilizatorului. <\/span><\/p><p class=\"s6\"><span class=\"s7\">3.3. Executarea Serviciului Fizic:<\/span><span class=\"s8\"> Serviciile de sp\u0103lare auto propriu-zise sunt prestate exclusiv \u00een loca\u021biile fizice <\/span><span class=\"s7\">ECO CAR WASH<\/span><span class=\"s8\"> din Cluj-Napoca (ex: Iulius Mall), la solicitarea clientului, \u00een baza abonamentului activ vizibil \u00een aplica\u021bie.<\/span><\/p><p class=\"s6\"><span class=\"s7\">3.4. Dovada Livr\u0103rii:<\/span><span class=\"s8\"> Confirmarea tranzac\u021biei primit\u0103 prin e-mail \u0219i statusul \u201eActiv\u201d al abonamentului \u00een aplica\u021bie constituie dovada livr\u0103rii complete a produsului digital achizi\u021bionat.<\/span><span class=\"s8\">Prestarea serviciului este condi\u021bionat\u0103 de validarea manual\u0103 a num\u0103rului de \u00eenmatriculare de c\u0103tre \u0218eful de Tur\u0103 \u0219i de predarea cheilor autovehiculului de c\u0103tre Client c\u0103tre acesta.<\/span>\u00a0<\/p><p class=\"s6\"><strong><span class=\"s7\">4. DREPTUL DE RETRAGERE \u0218I RAMBURSARE (REFUND)<\/span><\/strong><\/p><p class=\"s6\"><span class=\"s7\">4.1. Cadrul Legal:<\/span><span class=\"s8\"> Conform <\/span><span class=\"s7\">OUG nr. 34\/2014, Art. 16, lit. a)<\/span><span class=\"s8\">, dreptul de retragere \u00een termen de 14 zile nu se aplic\u0103 contractelor de prest\u0103ri de servicii dup\u0103 prestarea complet\u0103 a serviciilor, dac\u0103 executarea a \u00eenceput cu acordul prealabil expres al consumatorului. <\/span><\/p><p class=\"s6\"><span class=\"s7\">4.2.<\/span> <span class=\"s8\">Renun\u021barea<\/span><span class=\"s8\"> la <\/span><span class=\"s8\">Dreptul<\/span><span class=\"s8\"> and <\/span><span class=\"s8\">Retragere<\/span><span class=\"s8\">: Prin <\/span><span class=\"s8\">achizi\u021bionarea<\/span> <span class=\"s8\">and<\/span> <span class=\"s8\">activarea<\/span> <span class=\"s8\">imediat\u0103<\/span><span class=\"s8\"> a <\/span><span class=\"s8\">abonamentului<\/span> <span class=\"s8\">\u00een<\/span> <span class=\"s8\">aplica\u021bie<\/span><span class=\"s8\">, <\/span><span class=\"s8\">Utilizatorul<\/span> <span class=\"s8\">\u00ee\u0219i<\/span> <span class=\"s8\">d\u0103<\/span> <span class=\"s8\">acordul<\/span> <span class=\"s8\">for<\/span> <span class=\"s8\">\u00eenceperea<\/span> <span class=\"s8\">imediat\u0103<\/span><span class=\"s8\"> a <\/span><span class=\"s8\">execut\u0103rii<\/span><span class=\"s8\">serviciului<\/span> <span class=\"s8\">and<\/span> <span class=\"s8\">confirm\u0103<\/span> <span class=\"s8\">c\u0103<\/span><span class=\"s8\"> a <\/span><span class=\"s8\">luat<\/span> <span class=\"s8\">cuno\u0219tin\u021b\u0103<\/span><span class=\"s8\"> and <\/span><span class=\"s8\">faptul<\/span> <span class=\"s8\">c\u0103<\/span> <span class=\"s8\">\u00ee\u0219i<\/span> <span class=\"s8\">pierde<\/span> <span class=\"s8\">dreptul<\/span><span class=\"s8\"> la <\/span><span class=\"s8\">retragere<\/span><span class=\"s8\">. <\/span><\/p><p class=\"s6\"><span class=\"s7\">4.3.<\/span> <span class=\"s8\">Politica<\/span><span class=\"s8\"> and <\/span><span class=\"s8\">Nerambursare<\/span><span class=\"s8\">: <\/span><span class=\"s8\">Sumele<\/span> <span class=\"s8\">achitate<\/span> <span class=\"s8\">for<\/span> <span class=\"s8\">abonamentele<\/span><span class=\"s8\"> activate (fie cel de 4 <\/span><span class=\"s8\">sp\u0103l\u0103ri<\/span><span class=\"s8\">, fie cel <\/span><span class=\"s8\">nelimitat<\/span><span class=\"s8\">) <\/span><span class=\"s7\">nu sunt <\/span><span class=\"s7\">rambursabile<\/span><span class=\"s8\">, integral <\/span><span class=\"s8\">sau<\/span> <span class=\"s8\">par\u021bial<\/span><span class=\"s8\">, <\/span><span class=\"s8\">indiferent<\/span> <span class=\"s8\">dac\u0103<\/span> <span class=\"s8\">serviciul<\/span><span class=\"s8\"> a <\/span><span class=\"s8\">fost<\/span><span class=\"s8\">utilizat<\/span> <span class=\"s8\">fizic<\/span> <span class=\"s8\">\u00een<\/span> <span class=\"s8\">loca\u021bie<\/span> <span class=\"s8\">sau<\/span><span class=\"s8\"> nu.<\/span><\/p><p class=\"s6\"><strong><span class=\"s7\">5. ANULAREA ABONAMENTELOR RECURENTE<\/span><\/strong><\/p><p class=\"s6\"><span class=\"s7\">5.1<\/span><span class=\"s8\">. Procedura de Anulare: Utilizatorul poate opri plata recurent\u0103 automat\u0103 oric\u00e2nd, direct din sec\u021biunea \u201eProfil\/Abonament\u201d a aplica\u021biei. <\/span><\/p><p class=\"s6\"><span class=\"s7\">5.2.<\/span><span class=\"s8\"> Efectele Anul\u0103rii: \u00cen cazul anul\u0103rii, abonamentul r\u0103m\u00e2ne activ \u0219i utilizabil \u00een loca\u021biile EcoWash p\u00e2n\u0103 la expirarea perioadei deja achitate (finalul celor 30 de zile). Dup\u0103 aceast\u0103 dat\u0103, nu vor mai fi efectuate debit\u0103ri, iar accesul va fi suspendat.<\/span><\/p><p class=\"s6\"><strong><span class=\"s7\">6. SOLU\u021aIONAREA LITIGIILOR \u0218I RECLAMA\u021aII<\/span><\/strong><\/p><p class=\"s6\"><span class=\"s7\">6.1. Reclama\u021bii:<\/span><span class=\"s8\"> Orice neconcordan\u021b\u0103 privind plata sau activarea serviciului trebuie raportat\u0103 la <\/span><a href=\"mailto:razvan@eco-wash.ro\"><span class=\"s9\">razvan@eco-wash.ro<\/span><\/a> <span class=\"s8\">\u00een termen de maxim 48 de ore.<\/span><\/p><p class=\"s6\"><span class=\"s7\">6.2. Organisme de Control:<\/span><span class=\"s8\"> \u00cen cazul \u00een care un litigiu nu poate fi solu\u021bionat amiabil, consumatorii se pot adresa:<\/span><\/p><div class=\"s12\"><span class=\"s11\">\u2022 <\/span><span class=\"s7\">ANPC (Autoritatea Na\u021bional\u0103 pentru Protec\u021bia Consumatorilor):<\/span> <a href=\"https:\/\/anpc.ro\/ce-este-sal\/\"><span class=\"s9\">https:\/\/anpc.ro\/ce-este-sal\/<\/span><\/a><span class=\"s8\">.<\/span><\/div><div class=\"s12\"><span class=\"s11\">\u2022 <\/span><span class=\"s7\">Platforma SOL (Solu\u021bionarea Online a Litigiilor):<\/span> <a href=\"https:\/\/ec.europa.eu\/consumers\/odr\/\"><span class=\"s9\">https:\/\/ec.europa.eu\/consumers\/odr\/<\/span><\/a><span class=\"s8\">.<\/span><\/div><p class=\"s6\">\u00a0<\/p>\t\t\t\t\t\t<\/div>\n\t\t\t\t<\/div>\n\t\t\t\t\t<\/div>\n\t\t<\/div>\n\t\t\t\t\t<\/div>\n\t\t<\/section>\n\t\t\t\t<\/div>","protected":false},"excerpt":{"rendered":"<p>POLITICA DE PL\u0102\u021aI, LIVRARE \u0218I RETUR 1. PREAMBUL Prezenta Politic\u0103 reglementeaz\u0103 modalit\u0103\u021bile de plat\u0103, procedura de livrare a produselor digitale (abonamente) \u0219i condi\u021biile de returnare sau anulare a serviciilor achizi\u021bionate&hellip;<\/p>","protected":false},"author":1,"featured_media":0,"parent":0,"menu_order":0,"comment_status":"closed","ping_status":"closed","template":"","meta":{"footnotes":""},"class_list":["post-31755","page","type-page","status-publish","hentry"],"_links":{"self":[{"href":"https:\/\/eco-wash.ro\/en\/wp-json\/wp\/v2\/pages\/31755","targetHints":{"allow":["GET"]}}],"collection":[{"href":"https:\/\/eco-wash.ro\/en\/wp-json\/wp\/v2\/pages"}],"about":[{"href":"https:\/\/eco-wash.ro\/en\/wp-json\/wp\/v2\/types\/page"}],"author":[{"embeddable":true,"href":"https:\/\/eco-wash.ro\/en\/wp-json\/wp\/v2\/users\/1"}],"replies":[{"embeddable":true,"href":"https:\/\/eco-wash.ro\/en\/wp-json\/wp\/v2\/comments?post=31755"}],"version-history":[{"count":4,"href":"https:\/\/eco-wash.ro\/en\/wp-json\/wp\/v2\/pages\/31755\/revisions"}],"predecessor-version":[{"id":31761,"href":"https:\/\/eco-wash.ro\/en\/wp-json\/wp\/v2\/pages\/31755\/revisions\/31761"}],"wp:attachment":[{"href":"https:\/\/eco-wash.ro\/en\/wp-json\/wp\/v2\/media?parent=31755"}],"curies":[{"name":"wp","href":"https:\/\/api.w.org\/{rel}","templated":true}]}}