{"id":31691,"date":"2026-03-24T11:30:21","date_gmt":"2026-03-24T11:30:21","guid":{"rendered":"https:\/\/eco-wash.ro\/?page_id=31691"},"modified":"2026-03-24T11:44:54","modified_gmt":"2026-03-24T11:44:54","slug":"politica-de-confidentialitate","status":"publish","type":"page","link":"https:\/\/eco-wash.ro\/en\/politica-de-confidentialitate\/","title":{"rendered":"Politica de confiden\u021bialitate"},"content":{"rendered":"<div data-elementor-type=\"wp-page\" data-elementor-id=\"31691\" class=\"elementor elementor-31691\" data-elementor-post-type=\"page\">\n\t\t\t\t\t\t<section class=\"elementor-section elementor-top-section elementor-element elementor-element-2b1184b0 elementor-section-boxed elementor-section-height-default elementor-section-height-default sc_fly_static\" data-id=\"2b1184b0\" data-element_type=\"section\" data-settings=\"{&quot;background_background&quot;:&quot;classic&quot;}\">\n\t\t\t\t\t\t<div class=\"elementor-container elementor-column-gap-extended\">\n\t\t\t\t\t<div class=\"elementor-column elementor-col-100 elementor-top-column elementor-element elementor-element-153e1c19 sc_inner_width_none sc_content_align_inherit sc_layouts_column_icons_position_left sc_fly_static\" data-id=\"153e1c19\" data-element_type=\"column\">\n\t\t\t<div class=\"elementor-widget-wrap elementor-element-populated\">\n\t\t\t\t\t\t<div class=\"elementor-element elementor-element-54db29de sc_fly_static elementor-widget elementor-widget-text-editor\" data-id=\"54db29de\" data-element_type=\"widget\" data-widget_type=\"text-editor.default\">\n\t\t\t\t<div class=\"elementor-widget-container\">\n\t\t\t\t\t\t\t<p><strong>1. Introducere<\/strong><\/p><p>Confiden\u021bialitatea datelor dumneavoastr\u0103 cu caracter personal este important\u0103 pentru noi. Aceast\u0103 Politic\u0103 de Confiden\u021bialitate descrie modul \u00een care eco-wash.ro colecteaz\u0103, utilizeaz\u0103 \u0219i protejeaz\u0103 informa\u021biile utilizatorilor.<\/p><p>Prin utilizarea site-ului nostru, sunte\u021bi de acord cu practicile descrise \u00een aceast\u0103 politic\u0103.<\/p><p><strong>2. Date colectate<\/strong><\/p><p>Putem colecta urm\u0103toarele tipuri de date:<\/p><p>a) Date furnizate direct de utilizator:<br \/>Nume \u0219i prenume<br \/>Adres\u0103 de email<br \/>Num\u0103r de telefon<br \/>Alte informa\u021bii transmise prin formulare de contact<br \/>b) Date colectate automat:<br \/>Adresa IP<br \/>Tipul browserului \u0219i dispozitivului<br \/>Pagini vizitate \u0219i durata acces\u0103rii<br \/>Cookie-uri \u0219i tehnologii similare<\/p><p><br \/><strong>3. Scopul colect\u0103rii datelor<\/strong><\/p><p>Datele dumneavoastr\u0103 sunt colectate pentru:<br \/>Furnizarea \u0219i \u00eembun\u0103t\u0103\u021birea serviciilor<br \/>Procesarea solicit\u0103rilor \u0219i comenzilor<br \/>Comunicarea cu utilizatorii<br \/>Analiz\u0103 \u0219i statistic\u0103<br \/>Respectarea obliga\u021biilor legale<\/p><p><br \/><strong>4. Temeiul legal<\/strong><\/p><p>Prelucrarea datelor se realizeaz\u0103 \u00een conformitate cu:<\/p><p>Consim\u021b\u0103m\u00e2ntul utilizatorului<br \/>Executarea unui contract<br \/>Obliga\u021bii legale<br \/>Interese legitime ale operatorului<br \/>5. Stocarea datelor<\/p><p>Datele sunt stocate pe servere securizate \u0219i sunt p\u0103strate doar pe perioada necesar\u0103 scopurilor men\u021bionate sau conform obliga\u021biilor legale.<\/p><p><strong>6. Dezv\u0103luirea datelor<\/strong><\/p><p>Nu vindem \u0219i nu distribuim datele dumneavoastr\u0103 c\u0103tre ter\u021bi, cu excep\u021bia:<\/p><p>Furnizorilor de servicii (hosting, IT, curierat)<br \/>Autorit\u0103\u021bilor publice, dac\u0103 este cerut prin lege<\/p><p><br \/><strong>7. Cookie-uri<\/strong><\/p><p>Site-ul utilizeaz\u0103 cookie-uri pentru a \u00eembun\u0103t\u0103\u021bi experien\u021ba utilizatorului. Pute\u021bi controla sau dezactiva cookie-urile din set\u0103rile browserului.<\/p><p><strong>8. Drepturile utilizatorilor<\/strong><\/p><p>Conform legisla\u021biei \u00een vigoare, beneficia\u021bi de urm\u0103toarele drepturi:<\/p><p>Dreptul de acces la date<br \/>Dreptul la rectificare<br \/>Dreptul la \u0219tergere (\u201edreptul de a fi uitat\u201d)<br \/>Dreptul la restric\u021bionarea prelucr\u0103rii<br \/>Dreptul la portabilitatea datelor<br \/>Dreptul de opozi\u021bie<br \/>Dreptul de a depune pl\u00e2ngere la autoritatea competent\u0103<\/p><p><br \/><strong>9. Securitatea datelor<\/strong><\/p><p>Lu\u0103m m\u0103suri tehnice \u0219i organizatorice adecvate pentru a proteja datele \u00eempotriva accesului neautorizat, pierderii sau distrugerii.<\/p><p><strong>10. Modific\u0103ri ale politicii<\/strong><\/p><p>Ne rezerv\u0103m dreptul de a actualiza aceast\u0103 politic\u0103. Orice modificare va fi publicat\u0103 pe aceast\u0103 pagin\u0103.<\/p><p><strong>11. Contact<\/strong><\/p><p>Pentru \u00eentreb\u0103ri legate de aceast\u0103 politic\u0103 sau de prelucrarea datelor, ne pute\u021bi contacta la:<\/p><p>Email: office@eco-wash.ro<\/p><p>Ultima actualizare: 24.03.2026<\/p>\t\t\t\t\t\t<\/div>\n\t\t\t\t<\/div>\n\t\t\t\t\t<\/div>\n\t\t<\/div>\n\t\t\t\t\t<\/div>\n\t\t<\/section>\n\t\t\t\t<\/div>","protected":false},"excerpt":{"rendered":"<p>1. Introducere Confiden\u021bialitatea datelor dumneavoastr\u0103 cu caracter personal este important\u0103 pentru noi. Aceast\u0103 Politic\u0103 de Confiden\u021bialitate descrie modul \u00een care eco-wash.ro colecteaz\u0103, utilizeaz\u0103 \u0219i protejeaz\u0103 informa\u021biile utilizatorilor. Prin utilizarea site-ului&hellip;<\/p>","protected":false},"author":1,"featured_media":0,"parent":0,"menu_order":0,"comment_status":"closed","ping_status":"closed","template":"","meta":{"footnotes":""},"class_list":["post-31691","page","type-page","status-publish","hentry"],"_links":{"self":[{"href":"https:\/\/eco-wash.ro\/en\/wp-json\/wp\/v2\/pages\/31691","targetHints":{"allow":["GET"]}}],"collection":[{"href":"https:\/\/eco-wash.ro\/en\/wp-json\/wp\/v2\/pages"}],"about":[{"href":"https:\/\/eco-wash.ro\/en\/wp-json\/wp\/v2\/types\/page"}],"author":[{"embeddable":true,"href":"https:\/\/eco-wash.ro\/en\/wp-json\/wp\/v2\/users\/1"}],"replies":[{"embeddable":true,"href":"https:\/\/eco-wash.ro\/en\/wp-json\/wp\/v2\/comments?post=31691"}],"version-history":[{"count":10,"href":"https:\/\/eco-wash.ro\/en\/wp-json\/wp\/v2\/pages\/31691\/revisions"}],"predecessor-version":[{"id":31704,"href":"https:\/\/eco-wash.ro\/en\/wp-json\/wp\/v2\/pages\/31691\/revisions\/31704"}],"wp:attachment":[{"href":"https:\/\/eco-wash.ro\/en\/wp-json\/wp\/v2\/media?parent=31691"}],"curies":[{"name":"wp","href":"https:\/\/api.w.org\/{rel}","templated":true}]}}