{"id":31090,"date":"2024-10-16T12:37:40","date_gmt":"2024-10-16T12:37:40","guid":{"rendered":"https:\/\/eco-wash.ro\/?page_id=31090"},"modified":"2024-11-06T10:58:26","modified_gmt":"2024-11-06T10:58:26","slug":"servicii","status":"publish","type":"page","link":"https:\/\/eco-wash.ro\/en\/servicii\/","title":{"rendered":"Services"},"content":{"rendered":"<div data-elementor-type=\"wp-page\" data-elementor-id=\"31090\" class=\"elementor elementor-31090\" data-elementor-post-type=\"page\">\n\t\t\t\t\t\t<section class=\"elementor-section elementor-top-section elementor-element elementor-element-66485fe scheme_default elementor-section-boxed elementor-section-height-default elementor-section-height-default sc_fly_static\" data-id=\"66485fe\" data-element_type=\"section\" data-settings=\"{&quot;background_background&quot;:&quot;classic&quot;}\">\n\t\t\t\t\t\t<div class=\"elementor-container elementor-column-gap-extended\">\n\t\t\t\t\t<div class=\"elementor-column elementor-col-100 elementor-top-column elementor-element elementor-element-229281f7 sc_inner_width_none sc_content_align_inherit sc_layouts_column_icons_position_left sc_fly_static\" data-id=\"229281f7\" data-element_type=\"column\">\n\t\t\t<div class=\"elementor-widget-wrap elementor-element-populated\">\n\t\t\t\t\t\t<div class=\"elementor-element elementor-element-7a1eec9b sc_height_large sc_fly_static elementor-widget elementor-widget-spacer\" data-id=\"7a1eec9b\" data-element_type=\"widget\" data-widget_type=\"spacer.default\">\n\t\t\t\t<div class=\"elementor-widget-container\">\n\t\t\t\t\t<div class=\"elementor-spacer\">\n\t\t\t<div class=\"elementor-spacer-inner\"><\/div>\n\t\t<\/div>\n\t\t\t\t<\/div>\n\t\t\t\t<\/div>\n\t\t\t\t<section class=\"elementor-section elementor-inner-section elementor-element elementor-element-2b2dd08b elementor-section-boxed elementor-section-height-default elementor-section-height-default sc_fly_static\" data-id=\"2b2dd08b\" data-element_type=\"section\">\n\t\t\t\t\t\t<div class=\"elementor-container elementor-column-gap-no\">\n\t\t\t\t\t<div class=\"elementor-column elementor-col-16 elementor-inner-column elementor-element elementor-element-2a7d1a08 sc_inner_width_none sc_content_align_inherit sc_layouts_column_icons_position_left sc_fly_static\" data-id=\"2a7d1a08\" data-element_type=\"column\">\n\t\t\t<div class=\"elementor-widget-wrap\">\n\t\t\t\t\t\t\t<\/div>\n\t\t<\/div>\n\t\t\t\t<div class=\"elementor-column elementor-col-66 elementor-inner-column elementor-element elementor-element-57663ba sc_inner_width_none sc_content_align_inherit sc_layouts_column_icons_position_left sc_fly_static\" data-id=\"57663ba\" data-element_type=\"column\">\n\t\t\t<div class=\"elementor-widget-wrap\">\n\t\t\t\t\t\t\t<\/div>\n\t\t<\/div>\n\t\t\t\t<div class=\"elementor-column elementor-col-16 elementor-inner-column elementor-element elementor-element-1b9aded5 sc_inner_width_none sc_content_align_inherit sc_layouts_column_icons_position_left sc_fly_static\" data-id=\"1b9aded5\" data-element_type=\"column\">\n\t\t\t<div class=\"elementor-widget-wrap\">\n\t\t\t\t\t\t\t<\/div>\n\t\t<\/div>\n\t\t\t\t\t<\/div>\n\t\t<\/section>\n\t\t\t\t<div class=\"elementor-element elementor-element-44c89a11 sc_fly_static elementor-widget elementor-widget-trx_sc_title\" data-id=\"44c89a11\" data-element_type=\"widget\" data-widget_type=\"trx_sc_title.default\">\n\t\t\t\t<div class=\"elementor-widget-container\">\n\t\t\t<div\t\tclass=\"sc_title sc_title_default\" ><h1 class=\"sc_item_title sc_title_title sc_align_center sc_item_title_style_default sc_item_title_tag\"\n\t\t\t><span class=\"sc_item_title_text\">SERVICES<\/span><\/h1><\/div>\t\t<\/div>\n\t\t\t\t<\/div>\n\t\t\t\t<div class=\"elementor-element elementor-element-79cfe330 sc_height_small sc_fly_static elementor-widget elementor-widget-spacer\" data-id=\"79cfe330\" data-element_type=\"widget\" data-widget_type=\"spacer.default\">\n\t\t\t\t<div class=\"elementor-widget-container\">\n\t\t\t\t\t<div class=\"elementor-spacer\">\n\t\t\t<div class=\"elementor-spacer-inner\"><\/div>\n\t\t<\/div>\n\t\t\t\t<\/div>\n\t\t\t\t<\/div>\n\t\t\t\t<div class=\"elementor-element elementor-element-991d197 sc_fly_static elementor-widget elementor-widget-trx_sc_price\" data-id=\"991d197\" data-element_type=\"widget\" data-widget_type=\"trx_sc_price.default\">\n\t\t\t\t<div class=\"elementor-widget-container\">\n\t\t\t<div  \n\tclass=\"sc_price color_style_link2 sc_price_metro\"><div class=\"sc_price_columns_wrap sc_item_columns trx_addons_columns_wrap columns_padding_bottom columns_in_single_row\"><div class=\"trx_addons_column-1_2\"><div class=\"sc_price_item sc_price_item_metro\">\n\t\t\t<div class=\"sc_price_item_inner\"><div class=\"sc_price_item_info_top\"><h3 class=\"sc_price_item_title\"><span>EXTERIOR<\/span><\/h3><\/div><div class=\"sc_price_item_info\"><div class=\"sc_price_item_details\"><ul class=\"trx_addons_list trx_addons_list_dot\" style=\"text-align: left;\"><li style=\"font-weight: 400;\" aria-level=\"1\">Pre-wash with water jet<\/li><li style=\"font-weight: 400;\" aria-level=\"1\">Application of insect removal solution<\/li><li style=\"font-weight: 400;\" aria-level=\"1\">Application of active foam<\/li><li style=\"font-weight: 400;\" aria-level=\"1\">Cleaning of rims with special solution<\/li><li style=\"font-weight: 400;\" aria-level=\"1\">Washing with water pressure<\/li><li style=\"font-weight: 400;\" aria-level=\"1\">Cleaning of door sills and seals<\/li><li style=\"font-weight: 400;\" aria-level=\"1\">Washing and cleaning of rubber mats<\/li><li style=\"font-weight: 400;\" aria-level=\"1\">Application of liquid wax<\/li><li style=\"font-weight: 400;\" aria-level=\"1\">Drying the body by wiping<\/li><li style=\"font-weight: 400;\" aria-level=\"1\">Application of tire blackening solution<\/li><\/ul><\/div><\/div><!-- \/.sc_price_item_info --><\/div><!-- \/.sc_price_item_inner --><a href=\"https:\/\/eco-wash.ro\/en\/tarife\/\" class=\"sc_price_item_link sc_button\">SEE RATES<\/a><\/div><\/div><div class=\"trx_addons_column-1_2\"><div class=\"sc_price_item sc_price_active sc_price_item_metro\">\n\t\t\t<div class=\"sc_price_item_inner\"><div class=\"sc_price_item_info_top\"><h3 class=\"sc_price_item_title\"><span>INTERIOR<\/span><\/h3><\/div><div class=\"sc_price_item_info\"><div class=\"sc_price_item_details\"><ul class=\"trx_addons_list trx_addons_list_dot\" style=\"text-align: left;\"><li style=\"font-weight: 400;\" aria-level=\"1\">Vacuuming of carpet, seats, and trunk<\/li><li style=\"font-weight: 400;\" aria-level=\"1\">Cleaning of pedals by brushing and wiping<\/li><li style=\"font-weight: 400;\" aria-level=\"1\">Cleaning of textile mats by brushing<\/li><li style=\"font-weight: 400;\" aria-level=\"1\">Washing and cleaning of rubber mats<\/li><li style=\"font-weight: 400;\" aria-level=\"1\">Cleaning of door interiors and storage spaces<\/li><li style=\"font-weight: 400;\" aria-level=\"1\">Wiping and cleaning of plastic surfaces<\/li><li style=\"font-weight: 400;\" aria-level=\"1\">Cleaning of dashboard and center console<\/li><li style=\"font-weight: 400;\" aria-level=\"1\">Cleaning of air vents and buttons<\/li><li style=\"font-weight: 400;\" aria-level=\"1\">Cleaning of windows<\/li><li style=\"font-weight: 400;\" aria-level=\"1\">Application of air freshener<\/li><\/ul><\/div><\/div><!-- \/.sc_price_item_info --><\/div><!-- \/.sc_price_item_inner --><a href=\"https:\/\/eco-wash.ro\/en\/tarife\/\" class=\"sc_price_item_link sc_button\">SEE RATES<\/a><\/div><\/div><\/div><\/div><!-- \/.sc_price -->\t\t<\/div>\n\t\t\t\t<\/div>\n\t\t\t\t<div class=\"elementor-element elementor-element-54ac0362 sc_height_huge sc_fly_static elementor-widget elementor-widget-spacer\" data-id=\"54ac0362\" data-element_type=\"widget\" data-widget_type=\"spacer.default\">\n\t\t\t\t<div class=\"elementor-widget-container\">\n\t\t\t\t\t<div class=\"elementor-spacer\">\n\t\t\t<div class=\"elementor-spacer-inner\"><\/div>\n\t\t<\/div>\n\t\t\t\t<\/div>\n\t\t\t\t<\/div>\n\t\t\t\t\t<\/div>\n\t\t<\/div>\n\t\t\t\t\t<\/div>\n\t\t<\/section>\n\t\t\t\t<section class=\"elementor-section elementor-top-section elementor-element elementor-element-7e918ad3 elementor-section-boxed elementor-section-height-default elementor-section-height-default sc_fly_static\" data-id=\"7e918ad3\" data-element_type=\"section\">\n\t\t\t\t\t\t<div class=\"elementor-container elementor-column-gap-extended\">\n\t\t\t\t\t<div class=\"elementor-column elementor-col-100 elementor-top-column elementor-element elementor-element-3da3d115 sc_inner_width_none sc_content_align_inherit sc_layouts_column_icons_position_left sc_fly_static\" data-id=\"3da3d115\" data-element_type=\"column\">\n\t\t\t<div class=\"elementor-widget-wrap elementor-element-populated\">\n\t\t\t\t\t\t<div class=\"elementor-element elementor-element-4e619498 sc_fly_static elementor-widget elementor-widget-trx_sc_title\" data-id=\"4e619498\" data-element_type=\"widget\" data-widget_type=\"trx_sc_title.default\">\n\t\t\t\t<div class=\"elementor-widget-container\">\n\t\t\t<div\t\tclass=\"sc_title sc_title_default\" ><h3 class=\"sc_item_title sc_title_title sc_item_title_style_default sc_item_title_tag\"\n\t\t\t><span class=\"sc_item_title_text\">Regarding the duration of your car wash process, please consider the following important points:<\/span><\/h3><\/div>\t\t<\/div>\n\t\t\t\t<\/div>\n\t\t\t\t<div class=\"elementor-element elementor-element-a1cf517 sc_height_tiny sc_fly_static elementor-widget elementor-widget-spacer\" data-id=\"a1cf517\" data-element_type=\"widget\" data-widget_type=\"spacer.default\">\n\t\t\t\t<div class=\"elementor-widget-container\">\n\t\t\t\t\t<div class=\"elementor-spacer\">\n\t\t\t<div class=\"elementor-spacer-inner\"><\/div>\n\t\t<\/div>\n\t\t\t\t<\/div>\n\t\t\t\t<\/div>\n\t\t\t\t<div class=\"elementor-element elementor-element-3aeda2c1 sc_fly_static elementor-widget elementor-widget-text-editor\" data-id=\"3aeda2c1\" data-element_type=\"widget\" data-widget_type=\"text-editor.default\">\n\t\t\t\t<div class=\"elementor-widget-container\">\n\t\t\t\t\t\t\t<p>We are committed to providing you with efficient service, aiming to wash as many cars as possible in an optimal time frame. However, please keep in mind that the waiting time may vary depending on the level of dirt and our quality standards. We appreciate your patience and trust.<\/p><p>The waiting time should not be confused with the actual washing duration of the car. While your car is waiting its turn, we save you the need to stay in the car and move it multiple times until it enters the washing area. Therefore, you can take advantage of this free time to relax in the mall while we take care of everything.<\/p><p>The estimated time given at reception is indicative and may be exceeded by up to two hours, depending on the specific requirements of your service.<\/p><p>In the car washing process, there are potential risks that we cannot fully prevent. These risks include possible scratches on the car\u2019s paint, damage to the wheels or other vehicle components, as well as potential stains or marks. Although we have rigorous procedures and well-trained staff, we cannot take responsibility for such events or for money and belongings left unattended in the car. We are here to assist you and to resolve any unpleasant situations. Thank you for your trust and for choosing our car wash services.<\/p>\t\t\t\t\t\t<\/div>\n\t\t\t\t<\/div>\n\t\t\t\t<div class=\"elementor-element elementor-element-4d69ec4d sc_height_large sc_fly_static elementor-widget elementor-widget-spacer\" data-id=\"4d69ec4d\" data-element_type=\"widget\" data-widget_type=\"spacer.default\">\n\t\t\t\t<div class=\"elementor-widget-container\">\n\t\t\t\t\t<div class=\"elementor-spacer\">\n\t\t\t<div class=\"elementor-spacer-inner\"><\/div>\n\t\t<\/div>\n\t\t\t\t<\/div>\n\t\t\t\t<\/div>\n\t\t\t\t<div class=\"elementor-element elementor-element-1805828 elementor-widget-divider--view-line sc_fly_static elementor-widget elementor-widget-divider\" data-id=\"1805828\" data-element_type=\"widget\" data-widget_type=\"divider.default\">\n\t\t\t\t<div class=\"elementor-widget-container\">\n\t\t\t\t\t<div class=\"elementor-divider\">\n\t\t\t<span class=\"elementor-divider-separator\">\n\t\t\t\t\t\t<\/span>\n\t\t<\/div>\n\t\t\t\t<\/div>\n\t\t\t\t<\/div>\n\t\t\t\t\t<\/div>\n\t\t<\/div>\n\t\t\t\t\t<\/div>\n\t\t<\/section>\n\t\t\t\t<\/div>","protected":false},"excerpt":{"rendered":"<p>SERVICII EXTERIOR Presp\u0103lare cu jet de ap\u0103 Aplicare solu\u021bie \u00eenl\u0103turare insecte Aplicare spum\u0103 activ\u0103 Cur\u0103\u021bare jante cu solu\u021bie special\u0103 Sp\u0103lare cu presiune de ap\u0103 Cur\u0103\u021bare praguri \u0219i chedere u\u0219i Cur\u0103\u021bare&hellip;<\/p>","protected":false},"author":1,"featured_media":0,"parent":0,"menu_order":0,"comment_status":"closed","ping_status":"closed","template":"","meta":{"footnotes":""},"class_list":["post-31090","page","type-page","status-publish","hentry"],"_links":{"self":[{"href":"https:\/\/eco-wash.ro\/en\/wp-json\/wp\/v2\/pages\/31090","targetHints":{"allow":["GET"]}}],"collection":[{"href":"https:\/\/eco-wash.ro\/en\/wp-json\/wp\/v2\/pages"}],"about":[{"href":"https:\/\/eco-wash.ro\/en\/wp-json\/wp\/v2\/types\/page"}],"author":[{"embeddable":true,"href":"https:\/\/eco-wash.ro\/en\/wp-json\/wp\/v2\/users\/1"}],"replies":[{"embeddable":true,"href":"https:\/\/eco-wash.ro\/en\/wp-json\/wp\/v2\/comments?post=31090"}],"version-history":[{"count":8,"href":"https:\/\/eco-wash.ro\/en\/wp-json\/wp\/v2\/pages\/31090\/revisions"}],"predecessor-version":[{"id":31401,"href":"https:\/\/eco-wash.ro\/en\/wp-json\/wp\/v2\/pages\/31090\/revisions\/31401"}],"wp:attachment":[{"href":"https:\/\/eco-wash.ro\/en\/wp-json\/wp\/v2\/media?parent=31090"}],"curies":[{"name":"wp","href":"https:\/\/api.w.org\/{rel}","templated":true}]}}