{"id":12954,"date":"2020-08-27T08:23:10","date_gmt":"2020-08-27T08:23:10","guid":{"rendered":"https:\/\/ecowash.changeagency.ro\/?page_id=12954"},"modified":"2026-03-24T11:45:49","modified_gmt":"2026-03-24T11:45:49","slug":"privacy-policy","status":"publish","type":"page","link":"https:\/\/eco-wash.ro\/en\/privacy-policy\/","title":{"rendered":"Termeni \u0219i condi\u021bii"},"content":{"rendered":"<div data-elementor-type=\"wp-page\" data-elementor-id=\"12954\" class=\"elementor elementor-12954\" data-elementor-post-type=\"page\">\n\t\t\t\t\t\t<section class=\"elementor-section elementor-top-section elementor-element elementor-element-2b1184b0 elementor-section-boxed elementor-section-height-default elementor-section-height-default sc_fly_static\" data-id=\"2b1184b0\" data-element_type=\"section\" data-settings=\"{&quot;background_background&quot;:&quot;classic&quot;}\">\n\t\t\t\t\t\t<div class=\"elementor-container elementor-column-gap-extended\">\n\t\t\t\t\t<div class=\"elementor-column elementor-col-100 elementor-top-column elementor-element elementor-element-153e1c19 sc_inner_width_none sc_content_align_inherit sc_layouts_column_icons_position_left sc_fly_static\" data-id=\"153e1c19\" data-element_type=\"column\">\n\t\t\t<div class=\"elementor-widget-wrap elementor-element-populated\">\n\t\t\t\t\t\t<div class=\"elementor-element elementor-element-54db29de sc_fly_static elementor-widget elementor-widget-text-editor\" data-id=\"54db29de\" data-element_type=\"widget\" data-widget_type=\"text-editor.default\">\n\t\t\t\t<div class=\"elementor-widget-container\">\n\t\t\t\t\t\t\t<h5>POLITICA PRIVIND CALITATEA SERVICIILOR<\/h5><p>Ne desf\u0103\u0219oar\u0103m activitatea cu respectarea diligen\u021bei profesionale, asigur\u00e2nd competen\u021ba \u0219i grija rezonabil a\u0219teptate de c\u0103tre<br \/>consumatori \u00een conformitate cu practicile corecte de pia\u021b\u0103 \u0219i principiul general al bunei-credin\u021be. Ne angaj\u0103m s\u0103 prest\u0103m<br \/>servicii de cur\u0103\u021bare \u0219i \u00eentre\u021binere auto la standarde ridicate, utiliz\u00e2nd solu\u021bii de cur\u0103\u021bare conforme, echipamente profesionale \u0219i<br \/>personal instruit, astfel \u00eenc\u00e2t s\u0103 protej\u0103m at\u00e2t autovehiculul clientului, c\u00e2t \u0219i siguran\u021ba acestuia.<br \/>Ne instruim constant personalul pentru a men\u021bine nivelul ridicat de profesionalism \u0219i a preveni eventuale riscuri. Procedurile<br \/>noastre sunt menite s\u0103 asigure rezultate optime \u0219i protec\u021bia vehiculelor clien\u021bilor no\u0219tri, fiind aliniate la principiile diligen\u021bei<br \/>profesionale din domeniu \u0219i la cerin\u021bele privind protec\u021bia consumatorilor, asigur\u00e2nd transparen\u021b\u0103, corectitudine \u0219i respect<br \/>pentru drepturile clien\u021bilor no\u0219tri.<\/p><p>\u00cen aplicarea diligen\u021bei profesionale, garant\u0103m:<br \/>a)Respectarea legisla\u021biei privind protec\u021bia consumatorilor \u0219i a standardelor din domeniul sp\u0103l\u0103toriilor auto.<br \/>b)Utilizarea produselor de cur\u0103\u021bare sigure \u0219i eficiente, conforme normelor europene \u0219i na\u021bionale.<br \/>c)Informarea corect\u0103, complet\u0103 \u0219i precis\u0103 a clien\u021bilor privind serviciile oferite, tarifele<br \/>d)Protejarea autovehiculului prin aplicarea tehnicilor adecvate de sp\u0103lare, \u00een func\u021bie de tipul de suprafe\u021be \u0219i finisaje \u0219i<br \/>eventualele limit\u0103ri de responsabilitate.<br \/>e)Respectarea bunei-credin\u021be \u00een rela\u021bia cu clien\u021bii, asigur\u00e2nd transparen\u021b\u0103 \u0219i solu\u021bionarea echitabil\u0103 a eventualelor solicit\u0103ri.<\/p><p>Clientul este obligat s\u0103 verifice starea vehiculului imediat dup\u0103 sp\u0103lare. Reclama\u021biile privind probleme tehnice sau defecte care<br \/>nu au fost semnalate pe loc nu vor putea fi luate \u00een considerare ulterior. Oferim o garan\u021bie de 30 minute pentru serviciile<br \/>efectuate.<br \/>\u00cen cadrul termenului de garantie, asigur\u0103m toate operatiunile necesare remedierii deficien\u021belor constatate la serviciile prestate.<br \/>Refacerea serviciului sau, \u00een cazul \u00een care acest lucru nu este posibil, restituirea contravalorii serviciului prestat se face \u00een maxim<br \/>2 ore de la constatarea ne\u00eencadrarii acestuia \u00een conditiile prescrise sau declarate de prestatorul de servicii, daca aceasta situatie<br \/>nu este imputabila clientului, contravaloarea serviciului fiind la valoarea stabilita \u00een contract. De\u021binem aceleasi obligatii pentru<br \/>serviciul refacut ca si pentru serviciul prestat initial. Nu se accept\u0103 returnarea contravalorii serviciilor, dupa prestarea integral\u0103 \u0219i<br \/>corect\u0103 a acestora.<\/p><p>Clientul are dreptul sa fie despagubit \u00een cazul in care producem pagube vehicului \u00een sensul unui prejudiciu material generat de<br \/>calitatea necorespunz\u0103toare a serviciilor, folosind \u00een acest scop mijloace prev\u0103zute de lege. Solu\u021bionarea solicit\u0103rii pl\u0103\u021bii unor<br \/>prejudicii morale sau daune conexe remedierii ori a \u00eenlocuirii serviciilor necorespunzatoare cerute de consumatori este de<br \/>competen\u021ba instan\u021bei judecatoresti competente ori a organismului de mediere. In acest sens consumatorul poate apela \u0219i la o<br \/>expertiza tehnic\u0103 extrajudiciar\u0103 efectuat\u0103 de un expert tehnic extrajudiciar atestat de Ministerul de Resort \u00een specialitatea<br \/>domeniului nostru de activitate.<\/p><p>Reclama\u021biile cu privire la eventuale daune trebuie semnalate imediat dup\u0103 finalizarea serviciului, \u00eenainte de p\u0103r\u0103sirea loca\u021biei<br \/>prin completare formularului de reclamatie. Reclama\u021biile ulterioare nu vor putea fi luate \u00een considerare.<br \/>Va rugam sa aveti in vedere faptul ca vehiculul trebuie s\u0103 fie \u00een stare tehnic\u0103 corespunz\u0103toare \u0219i s\u0103 respecte standardele de<br \/>etan\u0219eitate impuse de produc\u0103tor.<\/p>\t\t\t\t\t\t<\/div>\n\t\t\t\t<\/div>\n\t\t\t\t\t<\/div>\n\t\t<\/div>\n\t\t\t\t\t<\/div>\n\t\t<\/section>\n\t\t\t\t<section class=\"elementor-section elementor-top-section elementor-element elementor-element-7ef86bc8 elementor-section-boxed elementor-section-height-default elementor-section-height-default sc_fly_static\" data-id=\"7ef86bc8\" data-element_type=\"section\">\n\t\t\t\t\t\t<div class=\"elementor-container elementor-column-gap-extended\">\n\t\t\t\t\t<div class=\"elementor-column elementor-col-100 elementor-top-column elementor-element elementor-element-19372eea sc_inner_width_none sc_content_align_inherit sc_layouts_column_icons_position_left sc_fly_static\" data-id=\"19372eea\" data-element_type=\"column\">\n\t\t\t<div class=\"elementor-widget-wrap elementor-element-populated\">\n\t\t\t\t\t\t<div class=\"elementor-element elementor-element-690b98ed sc_fly_static elementor-widget elementor-widget-spacer\" data-id=\"690b98ed\" data-element_type=\"widget\" data-widget_type=\"spacer.default\">\n\t\t\t\t<div class=\"elementor-widget-container\">\n\t\t\t\t\t<div class=\"elementor-spacer\">\n\t\t\t<div class=\"elementor-spacer-inner\"><\/div>\n\t\t<\/div>\n\t\t\t\t<\/div>\n\t\t\t\t<\/div>\n\t\t\t\t\t<\/div>\n\t\t<\/div>\n\t\t\t\t\t<\/div>\n\t\t<\/section>\n\t\t\t\t<section class=\"elementor-section elementor-top-section elementor-element elementor-element-a2ec18c elementor-section-boxed elementor-section-height-default elementor-section-height-default sc_fly_static\" data-id=\"a2ec18c\" data-element_type=\"section\" data-settings=\"{&quot;background_background&quot;:&quot;classic&quot;}\">\n\t\t\t\t\t\t<div class=\"elementor-container elementor-column-gap-extended\">\n\t\t\t\t\t<div class=\"elementor-column elementor-col-100 elementor-top-column elementor-element elementor-element-e4f67bc sc_inner_width_none sc_content_align_inherit sc_layouts_column_icons_position_left sc_fly_static\" data-id=\"e4f67bc\" data-element_type=\"column\">\n\t\t\t<div class=\"elementor-widget-wrap elementor-element-populated\">\n\t\t\t\t\t\t<div class=\"elementor-element elementor-element-fc87c00 sc_fly_static elementor-widget elementor-widget-text-editor\" data-id=\"fc87c00\" data-element_type=\"widget\" data-widget_type=\"text-editor.default\">\n\t\t\t\t<div class=\"elementor-widget-container\">\n\t\t\t\t\t\t\t<h5>ASPECTE PRIVIND LIMITAREA RESPONSABILIT\u00c4TII<\/h5>\n<p>Etan\u0219eitatea Vehiculului<br>Nu ne asum\u0103m responsabilitatea pentru p\u0103trunderea apei sau a substan\u021belor de cur\u0103\u021bare \u00een interiorul ma\u0219inii prin:<br>-Garnituri uzate sau fisurate la u\u0219i, portbagaj, plafon panoramic sau trape.<br>-Chederele insuficient presate sau deteriorate.<br>-Portiere care nu se \u00eenchid ermetic din cauza reglajelor incorecte sau uzurii.<br>-Geamuri l\u0103sate deschise, par\u021bial \u00eenchise sau cu sistemele de \u00eenchidere defecte.<\/p>\n<p>Infiltrarea Apei \u00een Compartimente Sensibile<br>Nu ne asum\u0103m responsabilitatea pentru p\u0103trunderea apei \u00een zone critice ale vehiculului, inclusiv:<br>-Compartimentul motor, \u00een cazul \u00een care capota prezint\u0103 zone neetan\u0219e sau garnituri uzate.<br>-Portbagajul, dac\u0103 prezint\u0103 zone cu etan\u0219eitate precar\u0103 sau modific\u0103ri neautorizate.<br>-Interiorul vehiculului, prin eventuale puncte sl\u0103bite ale sistemelor de etan\u0219are ale u\u0219ilor, trapelor sau geamurilor.<\/p>\n<p>Probleme Legate de Etan\u0219eitatea Farurilor \u0219i Stopurilor<br>Nu ne asum\u0103m responsabilitatea pentru aburirea, condensul sau defectarea farurilor \u0219i stopurilor \u00een cazul \u00een care:<br>-Au fost desf\u0103cute anterior pentru repara\u021bii sau \u00eenlocuirea becurilor \u0219i nu au fost etan\u0219ate corespunz\u0103tor.<br>-Prezint\u0103 fisuri, garnituri uzate sau \u00eembin\u0103ri defectuoase.<br>-Sunt aftermarket \u0219i nu respect\u0103 standardele de etan\u0219eitate ale produc\u0103torului.<\/p>\n<p>Sistemele Electronice \u0219i Senza\u021bia de \u201eDefect\u201d dup\u0103 Sp\u0103lare<br>Unele vehicule moderne pot semnaliza erori temporare dup\u0103 sp\u0103lare din cauza umidit\u0103\u021bii \u0219i expunerii la temperaturi sc\u0103zute. Nu ne<br>asum\u0103m responsabilitatea pentru:<br>-Senzori de parcare sau camere care nu mai func\u021bioneaz\u0103 temporar din cauza apei reziduale.<br>-Probleme la fr\u00e2ne cauzate de umiditatea infiltrat\u0103 pe discuri sau etriere (sc\u00e2r\u021b\u00e2it temporar).<\/p>\n<p>Avertismente legate de presiunea pneurilor din cauza diferen\u021bei de temperatur\u0103 dintre ro\u021bi \u0219i sp\u0103l\u0103torie.<br>Modific\u0103ri Neautorizate care Afecteaz\u0103 Etan\u0219eitatea<br>Unele vehicule au suferit modific\u0103ri neconforme (folie de protec\u021bie, vopsea ref\u0103cut\u0103 f\u0103r\u0103 tratamente de sigilare, pl\u0103ci de insonorizare<br>aftermarket etc.). Nu ne asum\u0103m responsabilitatea pentru:<br>-Decolorarea sau deteriorarea foliilor \u0219i vopselelor aplicate necorespunz\u0103tor.<br>-Dezlipirea elementelor lipite (stickere, plastice, sigle aftermarket).<br>-Probleme de etan\u0219eitate ap\u0103rute \u00een urma lucr\u0103rilor de repara\u021bie neautorizate.<\/p>\n<p>Zg\u00e2rieturi \u0219i defecte estetice preexistente<br>Sp\u0103l\u0103toria nu are obliga\u021bia \u0219i nici calitatea de a efectua constat\u0103ri tehnice sau estetice prealabile asupra autovehiculelor \u00eenainte de<br>prestarea serviciilor.<br>Nu ne asum\u0103m r\u0103spunderea pentru zg\u00e2rieturi fine (micro-zg\u00e2rieturi), zg\u00e2rieturi profunde, defecte ale lacului, exfolieri ale vopselei,<br>urme preexistente sau orice alte imperfec\u021biuni estetice ale caroseriei, indiferent dac\u0103 acestea erau sau nu vizibile anterior sp\u0103l\u0103rii.<br>Procesul de sp\u0103lare poate eviden\u021bia defecte deja existente, acoperite anterior de murd\u0103rie, praf sau depuneri. Simpla constatare<br>ulterioar\u0103 a unei zg\u00e2rieturi nu reprezint\u0103 dovada producerii acesteia \u00een incinta sp\u0103l\u0103toriei.<\/p>\n<p>De asemenea, nu ne asum\u0103m r\u0103spunderea pentru:<br>-exfolierea vopselei aplicate necorespunz\u0103tor sau revopsit\u0103 neprofesional;<br>-lac afectat de uzur\u0103, coroziune sau factori chimici anteriori;<br>-deterior\u0103ri ap\u0103rute ca urmare a unor tratamente, repara\u021bii sau interven\u021bii anterioare neconforme;<br>-diferen\u021be de aspect cauzate de lipsa \u00eentre\u021binerii corespunz\u0103toare a suprafe\u021belor exterioare.<\/p>\n<p>Autovehicule Decapotabile, cu Plafon Textil sau cu Elemente Supraterane<br>Vehiculele cu plafon textil (convertibile, cabrio) sunt sp\u0103late exclusiv pe riscul clientului, deoarece:<br>-Materialul textil poate absorbi apa \u0219i deteriora structura plafonului.<br>-Sistemele de \u00eenchidere pot avea puncte slabe de etan\u0219are, facilit\u00e2nd infiltrarea apei.<br>-Jeturile de ap\u0103 sub presiune pot provoca p\u0103trunderea apei \u00een zone greu accesibile.<\/p>\n<p>Garan\u021bia pentru un Rezultat Perfect<br>Sp\u0103l\u0103toria depune toate eforturile pentru a asigura un serviciu de calitate, \u00eens\u0103 nu poate garanta un rezultat perfect \u00een urm\u0103toarele<br>situa\u021bii:<br>-Vehicule acoperite cu r\u0103\u0219in\u0103, smoal\u0103, contaminan\u021bi greu de \u00eendep\u0103rtat, care necesit\u0103 tratamente speciale.<br>-Urme de calcar sau pete r\u0103mase din cauza structurii vopselei sau a protec\u021biei insuficiente a lacului.<br>-Pete persistente pe tapi\u021berie sau interior, care necesit\u0103 cur\u0103\u021bare chimic\u0103 specializat\u0103 sau detailing.<\/p>\t\t\t\t\t\t<\/div>\n\t\t\t\t<\/div>\n\t\t\t\t\t<\/div>\n\t\t<\/div>\n\t\t\t\t\t<\/div>\n\t\t<\/section>\n\t\t\t\t<\/div>","protected":false},"excerpt":{"rendered":"<p>POLITICA PRIVIND CALITATEA SERVICIILOR Ne desf\u0103\u0219oar\u0103m activitatea cu respectarea diligen\u021bei profesionale, asigur\u00e2nd competen\u021ba \u0219i grija rezonabil a\u0219teptate de c\u0103treconsumatori \u00een conformitate cu practicile corecte de pia\u021b\u0103 \u0219i principiul general al&hellip;<\/p>","protected":false},"author":1,"featured_media":0,"parent":0,"menu_order":0,"comment_status":"closed","ping_status":"closed","template":"","meta":{"footnotes":""},"class_list":["post-12954","page","type-page","status-publish","hentry"],"_links":{"self":[{"href":"https:\/\/eco-wash.ro\/en\/wp-json\/wp\/v2\/pages\/12954","targetHints":{"allow":["GET"]}}],"collection":[{"href":"https:\/\/eco-wash.ro\/en\/wp-json\/wp\/v2\/pages"}],"about":[{"href":"https:\/\/eco-wash.ro\/en\/wp-json\/wp\/v2\/types\/page"}],"author":[{"embeddable":true,"href":"https:\/\/eco-wash.ro\/en\/wp-json\/wp\/v2\/users\/1"}],"replies":[{"embeddable":true,"href":"https:\/\/eco-wash.ro\/en\/wp-json\/wp\/v2\/comments?post=12954"}],"version-history":[{"count":7,"href":"https:\/\/eco-wash.ro\/en\/wp-json\/wp\/v2\/pages\/12954\/revisions"}],"predecessor-version":[{"id":31707,"href":"https:\/\/eco-wash.ro\/en\/wp-json\/wp\/v2\/pages\/12954\/revisions\/31707"}],"wp:attachment":[{"href":"https:\/\/eco-wash.ro\/en\/wp-json\/wp\/v2\/media?parent=12954"}],"curies":[{"name":"wp","href":"https:\/\/api.w.org\/{rel}","templated":true}]}}